{"id":930,"date":"2023-03-29T10:03:32","date_gmt":"2023-03-29T10:03:32","guid":{"rendered":"https:\/\/467.site-preview.nl\/?page_id=930"},"modified":"2023-06-19T07:05:20","modified_gmt":"2023-06-19T07:05:20","slug":"kontakt","status":"publish","type":"page","link":"https:\/\/cloudgarden.nl\/de\/kontakt\/","title":{"rendered":"Kontakt"},"content":{"rendered":"\t\t<div data-elementor-type=\"wp-page\" data-elementor-id=\"930\" class=\"elementor elementor-930\" data-elementor-post-type=\"page\">\n\t\t\t\t\t\t<section class=\"elementor-section elementor-top-section elementor-element elementor-element-a7aaa11 elementor-section-full_width elementor-section-height-default elementor-section-height-default\" data-id=\"a7aaa11\" data-element_type=\"section\">\n\t\t\t\t\t\t<div class=\"elementor-container elementor-column-gap-no\">\n\t\t\t\t\t<div class=\"elementor-column elementor-col-100 elementor-top-column elementor-element elementor-element-661110f\" data-id=\"661110f\" data-element_type=\"column\">\n\t\t\t<div class=\"elementor-widget-wrap elementor-element-populated\">\n\t\t\t\t\t\t<div class=\"elementor-element elementor-element-2de9be3 elementor-widget elementor-widget-cgarden-blocktext\" data-id=\"2de9be3\" data-element_type=\"widget\" data-widget_type=\"cgarden-blocktext.default\">\n\t\t\t\t<div class=\"elementor-widget-container\">\n\t\t\t\t\t      <div variant=\"white\" title-variant=\"\" class=\"cgarden-blocktext\">\n        <div class=\"spacing medium\"><\/div>\n        \n        <div class=\"wrapper\">          \n          <h1 class=\"title\">CLOUD GARDEN KONTAKTIEREN<\/h1>\n          <div class=\"text\"><\/div>\n        <\/div>\n        \n        <div class=\"spacing small\"><\/div>\n      <\/div>\n    \t\t\t\t<\/div>\n\t\t\t\t<\/div>\n\t\t\t\t\t<\/div>\n\t\t<\/div>\n\t\t\t\t\t<\/div>\n\t\t<\/section>\n\t\t\t\t<section class=\"elementor-section elementor-top-section elementor-element elementor-element-8b83ec2 elementor-section-full_width elementor-section-height-default elementor-section-height-default\" data-id=\"8b83ec2\" data-element_type=\"section\">\n\t\t\t\t\t\t<div class=\"elementor-container elementor-column-gap-no\">\n\t\t\t\t\t<div class=\"elementor-column elementor-col-100 elementor-top-column elementor-element elementor-element-d53466d\" data-id=\"d53466d\" data-element_type=\"column\">\n\t\t\t<div class=\"elementor-widget-wrap elementor-element-populated\">\n\t\t\t\t\t\t<div class=\"elementor-element elementor-element-45f7647 elementor-button-align-stretch elementor-widget elementor-widget-form\" data-id=\"45f7647\" data-element_type=\"widget\" data-settings=\"{&quot;step_next_label&quot;:&quot;Next&quot;,&quot;step_previous_label&quot;:&quot;Previous&quot;,&quot;button_width&quot;:&quot;100&quot;,&quot;step_type&quot;:&quot;number_text&quot;,&quot;step_icon_shape&quot;:&quot;circle&quot;}\" data-widget_type=\"form.default\">\n\t\t\t\t<div class=\"elementor-widget-container\">\n\t\t\t\t\t\t\t<form class=\"elementor-form\" method=\"post\" name=\"New Form\" aria-label=\"New Form\">\n\t\t\t<input type=\"hidden\" name=\"post_id\" value=\"930\"\/>\n\t\t\t<input type=\"hidden\" name=\"form_id\" value=\"45f7647\"\/>\n\t\t\t<input type=\"hidden\" name=\"referer_title\" value=\"CloudGarden (DE)\" \/>\n\n\t\t\t\n\t\t\t<div class=\"elementor-form-fields-wrapper elementor-labels-above\">\n\t\t\t\t\t\t\t\t<div class=\"elementor-field-type-text elementor-field-group elementor-column elementor-field-group-field_51a3894 elementor-col-100\">\n\t\t\t\t\t\t\t\t\t\t\t\t<label for=\"form-field-field_51a3894\" class=\"elementor-field-label\">\n\t\t\t\t\t\t\t\tName\t\t\t\t\t\t\t<\/label>\n\t\t\t\t\t\t\t\t\t\t\t\t\t\t<input size=\"1\" type=\"text\" name=\"form_fields[field_51a3894]\" id=\"form-field-field_51a3894\" class=\"elementor-field elementor-size-sm  elementor-field-textual\" placeholder=\"Name\">\n\t\t\t\t\t\t\t\t\t\t\t<\/div>\n\t\t\t\t\t\t\t\t<div class=\"elementor-field-type-email elementor-field-group elementor-column elementor-field-group-email elementor-col-100 elementor-field-required elementor-mark-required\">\n\t\t\t\t\t\t\t\t\t\t\t\t<label for=\"form-field-email\" class=\"elementor-field-label\">\n\t\t\t\t\t\t\t\tE-Mail-Adresse\t\t\t\t\t\t\t<\/label>\n\t\t\t\t\t\t\t\t\t\t\t\t\t\t<input size=\"1\" type=\"email\" name=\"form_fields[email]\" id=\"form-field-email\" class=\"elementor-field elementor-size-sm  elementor-field-textual\" placeholder=\"E-mail\" required=\"required\">\n\t\t\t\t\t\t\t\t\t\t\t<\/div>\n\t\t\t\t\t\t\t\t<div class=\"elementor-field-type-textarea elementor-field-group elementor-column elementor-field-group-message elementor-col-100\">\n\t\t\t\t\t\t\t\t\t\t\t\t<label for=\"form-field-message\" class=\"elementor-field-label\">\n\t\t\t\t\t\t\t\tNachricht\t\t\t\t\t\t\t<\/label>\n\t\t\t\t\t\t<textarea class=\"elementor-field-textual elementor-field  elementor-size-sm\" name=\"form_fields[message]\" id=\"form-field-message\" rows=\"4\" placeholder=\"Nachricht\"><\/textarea>\t\t\t\t<\/div>\n\t\t\t\t\t\t\t\t<div class=\"elementor-field-type-checkbox elementor-field-group elementor-column elementor-field-group-field_fc3465d elementor-col-100\">\n\t\t\t\t\t<div class=\"elementor-field-subgroup  \"><span class=\"elementor-field-option\"><input type=\"checkbox\" value=\"Ich stimme der Verarbeitung meiner personenbezogenen Daten gem\u00e4\u00df der &lt;a href=datenschutzerklaerung\/\u201d&gt; Datenschutzerkl\u00e4rung &lt;\/a&gt; zu.\" id=\"form-field-field_fc3465d-0\" name=\"form_fields[field_fc3465d]\"> <label for=\"form-field-field_fc3465d-0\">Ich stimme der Verarbeitung meiner personenbezogenen Daten gem\u00e4\u00df der <a href=datenschutzerklaerung\/\u201d> Datenschutzerkl\u00e4rung <\/a> zu.<\/label><\/span><\/div>\t\t\t\t<\/div>\n\t\t\t\t\t\t\t\t<div class=\"elementor-field-group elementor-column elementor-field-type-submit elementor-col-100 e-form__buttons\">\n\t\t\t\t\t<button class=\"elementor-button elementor-size-sm\" type=\"submit\">\n\t\t\t\t\t\t<span class=\"elementor-button-content-wrapper\">\n\t\t\t\t\t\t\t\t\t\t\t\t\t\t\t\t\t\t\t\t\t\t<span class=\"elementor-button-text\">SENDEN<\/span>\n\t\t\t\t\t\t\t\t\t\t\t\t\t<\/span>\n\t\t\t\t\t<\/button>\n\t\t\t\t<\/div>\n\t\t\t<\/div>\n\t\t<\/form>\n\t\t\t\t\t\t<\/div>\n\t\t\t\t<\/div>\n\t\t\t\t\t<\/div>\n\t\t<\/div>\n\t\t\t\t\t<\/div>\n\t\t<\/section>\n\t\t\t\t<section class=\"elementor-section elementor-top-section elementor-element elementor-element-24f69df elementor-section-full_width elementor-section-height-default elementor-section-height-default\" data-id=\"24f69df\" data-element_type=\"section\">\n\t\t\t\t\t\t<div class=\"elementor-container elementor-column-gap-no\">\n\t\t\t\t\t<div class=\"elementor-column elementor-col-100 elementor-top-column elementor-element elementor-element-f1a77ce\" data-id=\"f1a77ce\" data-element_type=\"column\">\n\t\t\t<div class=\"elementor-widget-wrap elementor-element-populated\">\n\t\t\t\t\t\t<div class=\"elementor-element elementor-element-88af0cf elementor-widget elementor-widget-global elementor-global-4088 elementor-widget-cgarden-block5\" data-id=\"88af0cf\" data-element_type=\"widget\" data-widget_type=\"cgarden-block5.default\">\n\t\t\t\t<div class=\"elementor-widget-container\">\n\t\t\t\t\t      <div variant=\"dark\" class=\"cgarden-block5\">\n        <div class=\"spacing medium\"><\/div>\n        \n        <div class=\"inner\">\n          <div class=\"left\">\n                          <h2 class=\"title\">LADEN SIE UNSERE BROSCH\u00dcRE HERUNTER<\/h2>\n                        \n            <div class=\"bigscreen\">\n                              <h2 class=\"text\"><div><p class=\"Hoofdtekst\"><span lang=\"DE\">An welche E-Mail-Adresse d\u00fcrfen wir die Brosch\u00fcre senden?<\/span><\/p><\/div><\/h2>\n                            \n              <div class=\"icons\"><a href=\"https:\/\/www.linkedin.com\/company\/cloudgarden-nl\/?originalSubdomain=nl\" class=\"icon\" target=\"_blank\"><i aria-hidden=\"true\" class=\"fab fa-linkedin-in\"><\/i><\/a><a href=\"https:\/\/www.instagram.com\/cloudgardenbv\/\" class=\"icon\" target=\"_blank\"><i aria-hidden=\"true\" class=\"fab fa-instagram\"><\/i><\/a><a href=\"https:\/\/www.facebook.com\/cloudgardenbv\/\" class=\"icon\" target=\"_blank\"><i aria-hidden=\"true\" class=\"fab fa-facebook-f\"><\/i><\/a><\/div>\n            <\/div>\n          <\/div>\n          \n          <div class=\"right\">\n                          <form onsubmit=\"return false;\">\n                <input type=\"hidden\" name=\"f\" value=\"6045\" \/>\n                <input type=\"hidden\" name=\"fh\" value=\"$2y$10$rETzb0VmUvarnmwKmAqWke13SQLvSLRWoKF.F\/sWNsh19LQ19Oys6\" \/>\n                <input type=\"text\" class=\"textfield\" name=\"email\" placeholder=\"E-Mail-Addresse\" \/>\n                <button type=\"submit\" class=\"button\">SENDEN<\/button>\n              <\/form>\n              \n              <div class=\"message\" style=\"display: none;\">Het bestand wordt automatisch gedownload.<\/div>\n                      <\/div>\n          \n          <div class=\"smallscreen\">\n                          <h2 class=\"text\"><div><p class=\"Hoofdtekst\"><span lang=\"DE\">An welche E-Mail-Adresse d\u00fcrfen wir die Brosch\u00fcre senden?<\/span><\/p><\/div><\/h2>\n                        \n            <div class=\"icons\"><a href=\"https:\/\/www.linkedin.com\/company\/cloudgarden-nl\/?originalSubdomain=nl\" class=\"icon\" target=\"_blank\"><i aria-hidden=\"true\" class=\"fab fa-linkedin-in\"><\/i><\/a><a href=\"https:\/\/www.instagram.com\/cloudgardenbv\/\" class=\"icon\" target=\"_blank\"><i aria-hidden=\"true\" class=\"fab fa-instagram\"><\/i><\/a><a href=\"https:\/\/www.facebook.com\/cloudgardenbv\/\" class=\"icon\" target=\"_blank\"><i aria-hidden=\"true\" class=\"fab fa-facebook-f\"><\/i><\/a><\/div>\n          <\/div>\n        <\/div>\n        \n        <div class=\"spacing medium\"><\/div>\n      <\/div>\n    \t\t\t\t<\/div>\n\t\t\t\t<\/div>\n\t\t\t\t\t<\/div>\n\t\t<\/div>\n\t\t\t\t\t<\/div>\n\t\t<\/section>\n\t\t\t\t<\/div>\n\t\t","protected":false},"excerpt":{"rendered":"<p>CLOUD GARDEN KONTAKTIEREN LADEN SIE UNSERE BROSCH\u00dcRE HERUNTER An welche E-Mail-Adresse d\u00fcrfen wir die Brosch\u00fcre senden? SENDEN Het bestand wordt automatisch gedownload. An welche E-Mail-Adresse d\u00fcrfen wir die Brosch\u00fcre senden?<\/p>\n","protected":false},"author":1,"featured_media":0,"parent":0,"menu_order":0,"comment_status":"closed","ping_status":"closed","template":"","meta":{"footnotes":""},"categories":[],"class_list":["post-930","page","type-page","status-publish","hentry"],"featured_image_src":null,"category_names":["Alles","Alles","Groen voor binnen","Indoor","Installatie","Kennisbank","Onderhoud","Outdoor","Voordelen","Zakelijk"],"tag_names":[],"yoast_head":"<!-- This site is optimized with the Yoast SEO plugin v26.6 - https:\/\/yoast.com\/wordpress\/plugins\/seo\/ -->\n<title>Contact | Cloud Garden<\/title>\n<meta name=\"description\" content=\"Ontdek de wereld van verticaal groen. Neem contact met ons op voor meerinformatie. Cloud Garden. Smart Climate Solutions.\" \/>\n<meta name=\"robots\" content=\"index, follow, max-snippet:-1, max-image-preview:large, max-video-preview:-1\" \/>\n<link rel=\"canonical\" href=\"https:\/\/cloudgarden.nl\/de\/kontakt\/\" \/>\n<meta property=\"og:locale\" content=\"de_DE\" \/>\n<meta property=\"og:type\" content=\"article\" \/>\n<meta property=\"og:title\" content=\"Contact | Cloud Garden\" \/>\n<meta property=\"og:description\" content=\"Ontdek de wereld van verticaal groen. Neem contact met ons op voor meerinformatie. Cloud Garden. Smart Climate Solutions.\" \/>\n<meta property=\"og:url\" content=\"https:\/\/cloudgarden.nl\/de\/kontakt\/\" \/>\n<meta property=\"og:site_name\" content=\"CloudGarden (DE)\" \/>\n<meta property=\"article:modified_time\" content=\"2023-06-19T07:05:20+00:00\" \/>\n<meta name=\"twitter:card\" content=\"summary_large_image\" \/>\n<meta name=\"twitter:label1\" content=\"Gesch\u00e4tzte Lesezeit\" \/>\n\t<meta name=\"twitter:data1\" content=\"1\u00a0Minute\" \/>\n<script type=\"application\/ld+json\" class=\"yoast-schema-graph\">{\"@context\":\"https:\/\/schema.org\",\"@graph\":[{\"@type\":\"WebPage\",\"@id\":\"https:\/\/cloudgarden.nl\/de\/kontakt\/\",\"url\":\"https:\/\/cloudgarden.nl\/de\/kontakt\/\",\"name\":\"Contact | Cloud Garden\",\"isPartOf\":{\"@id\":\"https:\/\/cloudgarden.nl\/de\/#website\"},\"datePublished\":\"2023-03-29T10:03:32+00:00\",\"dateModified\":\"2023-06-19T07:05:20+00:00\",\"description\":\"Ontdek de wereld van verticaal groen. Neem contact met ons op voor meerinformatie. Cloud Garden. Smart Climate Solutions.\",\"breadcrumb\":{\"@id\":\"https:\/\/cloudgarden.nl\/de\/kontakt\/#breadcrumb\"},\"inLanguage\":\"de\",\"potentialAction\":[{\"@type\":\"ReadAction\",\"target\":[\"https:\/\/cloudgarden.nl\/de\/kontakt\/\"]}]},{\"@type\":\"BreadcrumbList\",\"@id\":\"https:\/\/cloudgarden.nl\/de\/kontakt\/#breadcrumb\",\"itemListElement\":[{\"@type\":\"ListItem\",\"position\":1,\"name\":\"Home\",\"item\":\"https:\/\/cloudgarden.nl\/de\/\"},{\"@type\":\"ListItem\",\"position\":2,\"name\":\"Kontakt\"}]},{\"@type\":\"WebSite\",\"@id\":\"https:\/\/cloudgarden.nl\/de\/#website\",\"url\":\"https:\/\/cloudgarden.nl\/de\/\",\"name\":\"CloudGarden (DE)\",\"description\":\"Smart climate solutions\",\"publisher\":{\"@id\":\"https:\/\/cloudgarden.nl\/de\/#organization\"},\"potentialAction\":[{\"@type\":\"SearchAction\",\"target\":{\"@type\":\"EntryPoint\",\"urlTemplate\":\"https:\/\/cloudgarden.nl\/de\/?s={search_term_string}\"},\"query-input\":{\"@type\":\"PropertyValueSpecification\",\"valueRequired\":true,\"valueName\":\"search_term_string\"}}],\"inLanguage\":\"de\"},{\"@type\":\"Organization\",\"@id\":\"https:\/\/cloudgarden.nl\/de\/#organization\",\"name\":\"CloudGarden (DE)\",\"url\":\"https:\/\/cloudgarden.nl\/de\/\",\"logo\":{\"@type\":\"ImageObject\",\"inLanguage\":\"de\",\"@id\":\"https:\/\/cloudgarden.nl\/de\/#\/schema\/logo\/image\/\",\"url\":\"https:\/\/cloudgarden.nl\/de\/wp-content\/uploads\/sites\/7\/2023\/04\/Logo-Cloud-Garden-2023.png\",\"contentUrl\":\"https:\/\/cloudgarden.nl\/de\/wp-content\/uploads\/sites\/7\/2023\/04\/Logo-Cloud-Garden-2023.png\",\"width\":3441,\"height\":1682,\"caption\":\"CloudGarden (DE)\"},\"image\":{\"@id\":\"https:\/\/cloudgarden.nl\/de\/#\/schema\/logo\/image\/\"}}]}<\/script>\n<!-- \/ Yoast SEO plugin. -->","yoast_head_json":{"title":"Contact | Cloud Garden","description":"Ontdek de wereld van verticaal groen. Neem contact met ons op voor meerinformatie. Cloud Garden. Smart Climate Solutions.","robots":{"index":"index","follow":"follow","max-snippet":"max-snippet:-1","max-image-preview":"max-image-preview:large","max-video-preview":"max-video-preview:-1"},"canonical":"https:\/\/cloudgarden.nl\/de\/kontakt\/","og_locale":"de_DE","og_type":"article","og_title":"Contact | Cloud Garden","og_description":"Ontdek de wereld van verticaal groen. Neem contact met ons op voor meerinformatie. Cloud Garden. Smart Climate Solutions.","og_url":"https:\/\/cloudgarden.nl\/de\/kontakt\/","og_site_name":"CloudGarden (DE)","article_modified_time":"2023-06-19T07:05:20+00:00","twitter_card":"summary_large_image","twitter_misc":{"Gesch\u00e4tzte Lesezeit":"1\u00a0Minute"},"schema":{"@context":"https:\/\/schema.org","@graph":[{"@type":"WebPage","@id":"https:\/\/cloudgarden.nl\/de\/kontakt\/","url":"https:\/\/cloudgarden.nl\/de\/kontakt\/","name":"Contact | Cloud Garden","isPartOf":{"@id":"https:\/\/cloudgarden.nl\/de\/#website"},"datePublished":"2023-03-29T10:03:32+00:00","dateModified":"2023-06-19T07:05:20+00:00","description":"Ontdek de wereld van verticaal groen. Neem contact met ons op voor meerinformatie. Cloud Garden. Smart Climate Solutions.","breadcrumb":{"@id":"https:\/\/cloudgarden.nl\/de\/kontakt\/#breadcrumb"},"inLanguage":"de","potentialAction":[{"@type":"ReadAction","target":["https:\/\/cloudgarden.nl\/de\/kontakt\/"]}]},{"@type":"BreadcrumbList","@id":"https:\/\/cloudgarden.nl\/de\/kontakt\/#breadcrumb","itemListElement":[{"@type":"ListItem","position":1,"name":"Home","item":"https:\/\/cloudgarden.nl\/de\/"},{"@type":"ListItem","position":2,"name":"Kontakt"}]},{"@type":"WebSite","@id":"https:\/\/cloudgarden.nl\/de\/#website","url":"https:\/\/cloudgarden.nl\/de\/","name":"CloudGarden (DE)","description":"Smart climate solutions","publisher":{"@id":"https:\/\/cloudgarden.nl\/de\/#organization"},"potentialAction":[{"@type":"SearchAction","target":{"@type":"EntryPoint","urlTemplate":"https:\/\/cloudgarden.nl\/de\/?s={search_term_string}"},"query-input":{"@type":"PropertyValueSpecification","valueRequired":true,"valueName":"search_term_string"}}],"inLanguage":"de"},{"@type":"Organization","@id":"https:\/\/cloudgarden.nl\/de\/#organization","name":"CloudGarden (DE)","url":"https:\/\/cloudgarden.nl\/de\/","logo":{"@type":"ImageObject","inLanguage":"de","@id":"https:\/\/cloudgarden.nl\/de\/#\/schema\/logo\/image\/","url":"https:\/\/cloudgarden.nl\/de\/wp-content\/uploads\/sites\/7\/2023\/04\/Logo-Cloud-Garden-2023.png","contentUrl":"https:\/\/cloudgarden.nl\/de\/wp-content\/uploads\/sites\/7\/2023\/04\/Logo-Cloud-Garden-2023.png","width":3441,"height":1682,"caption":"CloudGarden (DE)"},"image":{"@id":"https:\/\/cloudgarden.nl\/de\/#\/schema\/logo\/image\/"}}]}},"_links":{"self":[{"href":"https:\/\/cloudgarden.nl\/de\/wp-json\/wp\/v2\/pages\/930","targetHints":{"allow":["GET"]}}],"collection":[{"href":"https:\/\/cloudgarden.nl\/de\/wp-json\/wp\/v2\/pages"}],"about":[{"href":"https:\/\/cloudgarden.nl\/de\/wp-json\/wp\/v2\/types\/page"}],"author":[{"embeddable":true,"href":"https:\/\/cloudgarden.nl\/de\/wp-json\/wp\/v2\/users\/1"}],"replies":[{"embeddable":true,"href":"https:\/\/cloudgarden.nl\/de\/wp-json\/wp\/v2\/comments?post=930"}],"version-history":[{"count":103,"href":"https:\/\/cloudgarden.nl\/de\/wp-json\/wp\/v2\/pages\/930\/revisions"}],"predecessor-version":[{"id":5635,"href":"https:\/\/cloudgarden.nl\/de\/wp-json\/wp\/v2\/pages\/930\/revisions\/5635"}],"wp:attachment":[{"href":"https:\/\/cloudgarden.nl\/de\/wp-json\/wp\/v2\/media?parent=930"}],"wp:term":[{"taxonomy":"category","embeddable":true,"href":"https:\/\/cloudgarden.nl\/de\/wp-json\/wp\/v2\/categories?post=930"}],"curies":[{"name":"wp","href":"https:\/\/api.w.org\/{rel}","templated":true}]}}