{"id":941,"date":"2023-03-29T12:27:56","date_gmt":"2023-03-29T12:27:56","guid":{"rendered":"https:\/\/467.site-preview.nl\/?page_id=941"},"modified":"2023-06-26T06:17:07","modified_gmt":"2023-06-26T06:17:07","slug":"wissensdatenbank","status":"publish","type":"page","link":"https:\/\/cloudgarden.nl\/de\/wissensdatenbank\/","title":{"rendered":"Wissensdatenbank"},"content":{"rendered":"\t\t<div data-elementor-type=\"wp-page\" data-elementor-id=\"941\" class=\"elementor elementor-941\" data-elementor-post-type=\"page\">\n\t\t\t\t\t\t<section class=\"elementor-section elementor-top-section elementor-element elementor-element-b10dabe elementor-section-full_width elementor-section-height-default elementor-section-height-default\" data-id=\"b10dabe\" data-element_type=\"section\">\n\t\t\t\t\t\t<div class=\"elementor-container elementor-column-gap-no\">\n\t\t\t\t\t<div class=\"elementor-column elementor-col-100 elementor-top-column elementor-element elementor-element-52f790a\" data-id=\"52f790a\" data-element_type=\"column\">\n\t\t\t<div class=\"elementor-widget-wrap elementor-element-populated\">\n\t\t\t\t\t\t<div class=\"elementor-element elementor-element-4d05641 elementor-widget elementor-widget-cgarden-block13\" data-id=\"4d05641\" data-element_type=\"widget\" data-widget_type=\"cgarden-block13.default\">\n\t\t\t\t<div class=\"elementor-widget-container\">\n\t\t\t\t\t      <div  class=\"cgarden-block13\">\n        <div class=\"spacing medium\"><\/div>\n        \n        <div class=\"wrapper\" mollie-group>\n          <h1 class=\"title\">\n            <div mollie-item=\"on\">DIE CLOUD GARDEN-WISSENSDATENBANK<\/div>\n            <div mollie-item=\"off\">VON INNENRAUM&shyL\u00d6SUNGEN BIS HIN ZU GR\u00dcNFASSADEN<\/div>\n          <\/h1>\n          \n          <div class=\"text\"><\/div>\n\n                  \n        <div class=\"spacing small\"><\/div>\n      <\/div>\n    \t\t\t\t<\/div>\n\t\t\t\t<\/div>\n\t\t\t\t<div class=\"elementor-element elementor-element-8cc2ffa elementor-widget elementor-widget-cgarden-block14\" data-id=\"8cc2ffa\" data-element_type=\"widget\" data-widget_type=\"cgarden-block14.default\">\n\t\t\t\t<div class=\"elementor-widget-container\">\n\t\t\t\t\t      <div  class=\"cgarden-block14\">\n        <div class=\"spacing medium\"><\/div>\n        \n        <div class=\"wrapper\">\n          \n          <div class=\"inner\">\n            <div class='filters'>\n              <form>\n                <input type=\"hidden\" name=\"per_page\" value=\"10\" \/>\n                \n                                                    <div class=\"group\">\n                    <div class=\"title\"><\/div>\n                    \n                    <div class=\"options\">\n                                          <\/div>\n                  <\/div>\n                              <\/form>\n            <\/div>\n            \n            <div class=\"content\">\n              <div class=\"results\"><\/div>\n              <div class=\"paging\" style=\"display: none;\"><\/div>\n            <\/div>\n            \n            <a template=\"page\" class=\"result\" style=\"display: none;\">\n              <div class=\"page-image\"><\/div>\n              <div class=\"page-label\"><\/div>\n              <h2 class=\"page-title\"><\/h2>\n              <div class=\"page-excerpt\"><\/div>\n              <span class=\"button\">WEITERLESEN<\/span>\n            <\/a>\n          <\/div>\n        <\/div>\n        \n        <div class=\"spacing medium\"><\/div>\n      <\/div>\n    \t\t\t\t<\/div>\n\t\t\t\t<\/div>\n\t\t\t\t\t<\/div>\n\t\t<\/div>\n\t\t\t\t\t<\/div>\n\t\t<\/section>\n\t\t\t\t<section class=\"elementor-section elementor-top-section elementor-element elementor-element-b73f137 elementor-section-full_width elementor-section-height-default elementor-section-height-default\" data-id=\"b73f137\" data-element_type=\"section\">\n\t\t\t\t\t\t<div class=\"elementor-container elementor-column-gap-no\">\n\t\t\t\t\t<div class=\"elementor-column elementor-col-100 elementor-top-column elementor-element elementor-element-ac67471\" data-id=\"ac67471\" data-element_type=\"column\">\n\t\t\t<div class=\"elementor-widget-wrap elementor-element-populated\">\n\t\t\t\t\t\t<div class=\"elementor-element elementor-element-6c944fb elementor-widget elementor-widget-global elementor-global-4817 elementor-widget-cgarden-block16\" data-id=\"6c944fb\" data-element_type=\"widget\" data-widget_type=\"cgarden-block16.default\">\n\t\t\t\t<div class=\"elementor-widget-container\">\n\t\t\t\t\t      <div  class=\"cgarden-block16\">\n        <div class=\"spacing small\"><\/div>\n        \n        <div class='buttons'>          \n                      <a href=\"\/de\/outdoor-produkte\" class=\"button\">\n              <div class=\"image\"><div class='media-wrapper'><img sizes='(max-width: 292px) 100vw, 292px' srcset='https:\/\/cloudgarden.nl\/de\/wp-content\/uploads\/sites\/7\/2023\/03\/IMG_1223-292x300.jpeg 292w, https:\/\/cloudgarden.nl\/de\/wp-content\/uploads\/sites\/7\/2023\/03\/IMG_1223-768x790.jpeg 768w, https:\/\/cloudgarden.nl\/de\/wp-content\/uploads\/sites\/7\/2023\/03\/IMG_1223.jpeg 903w'><\/div><\/div>\n              <div class=\"text\">Begr\u00fcnung f\u00fcr Fassaden <\/div>\n            <\/a>\n                      <a href=\"\/de\/indoor-produkte\" class=\"button\">\n              <div class=\"image\"><div class='media-wrapper'><img sizes='(max-width: 300px) 100vw, 300px' srcset='https:\/\/cloudgarden.nl\/de\/wp-content\/uploads\/sites\/7\/2023\/03\/IMG_1221-300x268.jpeg 300w, https:\/\/cloudgarden.nl\/de\/wp-content\/uploads\/sites\/7\/2023\/03\/IMG_1221-768x687.jpeg 768w, https:\/\/cloudgarden.nl\/de\/wp-content\/uploads\/sites\/7\/2023\/03\/IMG_1221.jpeg 950w'><\/div><\/div>\n              <div class=\"text\">Begr\u00fcnung f\u00fcr Innenr\u00e4ume <\/div>\n            <\/a>\n                  <\/div>\n        \n        <div class=\"spacing small\"><\/div>\n      <\/div>\n    \t\t\t\t<\/div>\n\t\t\t\t<\/div>\n\t\t\t\t\t<\/div>\n\t\t<\/div>\n\t\t\t\t\t<\/div>\n\t\t<\/section>\n\t\t\t\t<section class=\"elementor-section elementor-top-section elementor-element elementor-element-4be24bc elementor-section-full_width elementor-section-height-default elementor-section-height-default\" data-id=\"4be24bc\" data-element_type=\"section\">\n\t\t\t\t\t\t<div class=\"elementor-container elementor-column-gap-no\">\n\t\t\t\t\t<div class=\"elementor-column elementor-col-100 elementor-top-column elementor-element elementor-element-b043a0a\" data-id=\"b043a0a\" data-element_type=\"column\">\n\t\t\t<div class=\"elementor-widget-wrap elementor-element-populated\">\n\t\t\t\t\t\t<div class=\"elementor-element elementor-element-931bebd elementor-widget elementor-widget-global elementor-global-4088 elementor-widget-cgarden-block5\" data-id=\"931bebd\" data-element_type=\"widget\" data-widget_type=\"cgarden-block5.default\">\n\t\t\t\t<div class=\"elementor-widget-container\">\n\t\t\t\t\t      <div variant=\"dark\" class=\"cgarden-block5\">\n        <div class=\"spacing medium\"><\/div>\n        \n        <div class=\"inner\">\n          <div class=\"left\">\n                          <h2 class=\"title\">LADEN SIE UNSERE BROSCH\u00dcRE HERUNTER<\/h2>\n                        \n            <div class=\"bigscreen\">\n                              <h2 class=\"text\"><div><p class=\"Hoofdtekst\"><span lang=\"DE\">An welche E-Mail-Adresse d\u00fcrfen wir die Brosch\u00fcre senden?<\/span><\/p><\/div><\/h2>\n                            \n              <div class=\"icons\"><a href=\"https:\/\/www.linkedin.com\/company\/cloudgarden-nl\/?originalSubdomain=nl\" class=\"icon\" target=\"_blank\"><i aria-hidden=\"true\" class=\"fab fa-linkedin-in\"><\/i><\/a><a href=\"https:\/\/www.instagram.com\/cloudgardenbv\/\" class=\"icon\" target=\"_blank\"><i aria-hidden=\"true\" class=\"fab fa-instagram\"><\/i><\/a><a href=\"https:\/\/www.facebook.com\/cloudgardenbv\/\" class=\"icon\" target=\"_blank\"><i aria-hidden=\"true\" class=\"fab fa-facebook-f\"><\/i><\/a><\/div>\n            <\/div>\n          <\/div>\n          \n          <div class=\"right\">\n                          <form onsubmit=\"return false;\">\n                <input type=\"hidden\" name=\"f\" value=\"6045\" \/>\n                <input type=\"hidden\" name=\"fh\" value=\"$2y$10$qPVlgS\/XC4agwHDX31lU5.UXLOKPOJ0m8QCWAYNskdoyG9CAQpQkG\" \/>\n                <input type=\"text\" class=\"textfield\" name=\"email\" placeholder=\"E-Mail-Addresse\" \/>\n                <button type=\"submit\" class=\"button\">SENDEN<\/button>\n              <\/form>\n              \n              <div class=\"message\" style=\"display: none;\">Het bestand wordt automatisch gedownload.<\/div>\n                      <\/div>\n          \n          <div class=\"smallscreen\">\n                          <h2 class=\"text\"><div><p class=\"Hoofdtekst\"><span lang=\"DE\">An welche E-Mail-Adresse d\u00fcrfen wir die Brosch\u00fcre senden?<\/span><\/p><\/div><\/h2>\n                        \n            <div class=\"icons\"><a href=\"https:\/\/www.linkedin.com\/company\/cloudgarden-nl\/?originalSubdomain=nl\" class=\"icon\" target=\"_blank\"><i aria-hidden=\"true\" class=\"fab fa-linkedin-in\"><\/i><\/a><a href=\"https:\/\/www.instagram.com\/cloudgardenbv\/\" class=\"icon\" target=\"_blank\"><i aria-hidden=\"true\" class=\"fab fa-instagram\"><\/i><\/a><a href=\"https:\/\/www.facebook.com\/cloudgardenbv\/\" class=\"icon\" target=\"_blank\"><i aria-hidden=\"true\" class=\"fab fa-facebook-f\"><\/i><\/a><\/div>\n          <\/div>\n        <\/div>\n        \n        <div class=\"spacing medium\"><\/div>\n      <\/div>\n    \t\t\t\t<\/div>\n\t\t\t\t<\/div>\n\t\t\t\t\t<\/div>\n\t\t<\/div>\n\t\t\t\t\t<\/div>\n\t\t<\/section>\n\t\t\t\t<section class=\"elementor-section elementor-top-section elementor-element elementor-element-8a94d12 elementor-section-full_width elementor-section-height-default elementor-section-height-default\" data-id=\"8a94d12\" data-element_type=\"section\">\n\t\t\t\t\t\t<div class=\"elementor-container elementor-column-gap-no\">\n\t\t\t\t\t<div class=\"elementor-column elementor-col-100 elementor-top-column elementor-element elementor-element-212544b\" data-id=\"212544b\" data-element_type=\"column\">\n\t\t\t<div class=\"elementor-widget-wrap elementor-element-populated\">\n\t\t\t\t\t\t<div class=\"elementor-element elementor-element-b432c67 elementor-widget elementor-widget-global elementor-global-4762 elementor-widget-cgarden-block19\" data-id=\"b432c67\" data-element_type=\"widget\" data-widget_type=\"cgarden-block19.default\">\n\t\t\t\t<div class=\"elementor-widget-container\">\n\t\t\t\t\t      <div variant=\"pink\" class=\"cgarden-block19\">\n        <div class=\"spacing small\"><\/div>\n        \n        <div class=\"wrapper\">\n          <div class='media-wrapper'><img sizes='(max-width: 512px) 100vw, 512px' srcset='https:\/\/cloudgarden.nl\/de\/wp-content\/uploads\/sites\/7\/2023\/04\/cropped-Favicon-Cloud-Garden-DEF3.png 512w, https:\/\/cloudgarden.nl\/de\/wp-content\/uploads\/sites\/7\/2023\/04\/cropped-Favicon-Cloud-Garden-DEF3-300x300.png 300w, https:\/\/cloudgarden.nl\/de\/wp-content\/uploads\/sites\/7\/2023\/04\/cropped-Favicon-Cloud-Garden-DEF3-150x150.png 150w, https:\/\/cloudgarden.nl\/de\/wp-content\/uploads\/sites\/7\/2023\/04\/cropped-Favicon-Cloud-Garden-DEF3-270x270.png 270w, https:\/\/cloudgarden.nl\/de\/wp-content\/uploads\/sites\/7\/2023\/04\/cropped-Favicon-Cloud-Garden-DEF3-192x192.png 192w, https:\/\/cloudgarden.nl\/de\/wp-content\/uploads\/sites\/7\/2023\/04\/cropped-Favicon-Cloud-Garden-DEF3-180x180.png 180w, https:\/\/cloudgarden.nl\/de\/wp-content\/uploads\/sites\/7\/2023\/04\/cropped-Favicon-Cloud-Garden-DEF3-32x32.png 32w'><\/div>          \n          <div class=\"content\">\n            <h2 class=\"title\">KONTAKT<\/h2>\n            <div class=\"text\"><div><p class=\"Hoofdtekst\"><span lang=\"DE\">Wollen Sie mehr \u00fcber die <\/span><span lang=\"DE\">gr\u00fcnen l\u00f6sungen<\/span><span lang=\"DE\"> von Cloud Garden erfahren? Wir informieren Sie gerne ausf\u00fchrlicher.<\/span><\/p><\/div><\/div>\n            \n                <div class=\"buttons\">\n              <a href=\"tel:+4915150805057\" class=\"button default\">RUFEN SIE MICH AN<\/a>\n              <a href=\"\/de\/kontaktformular\" class=\"button outline\">KONTAKTFORMULAR<\/a>\n          <\/div>\n            <\/div>\n        <\/div>\n        \n        <div class=\"spacing medium\"><\/div>\n      <\/div>\n    \t\t\t\t<\/div>\n\t\t\t\t<\/div>\n\t\t\t\t\t<\/div>\n\t\t<\/div>\n\t\t\t\t\t<\/div>\n\t\t<\/section>\n\t\t\t\t<\/div>\n\t\t","protected":false},"excerpt":{"rendered":"<p>DIE CLOUD GARDEN-WISSENSDATENBANK VON INNENRAUM&#038;shyL\u00d6SUNGEN BIS HIN ZU GR\u00dcNFASSADEN WEITERLESEN Begr\u00fcnung f\u00fcr Fassaden Begr\u00fcnung f\u00fcr Innenr\u00e4ume LADEN SIE UNSERE BROSCH\u00dcRE HERUNTER An welche E-Mail-Adresse d\u00fcrfen wir die Brosch\u00fcre senden? SENDEN Het bestand wordt automatisch gedownload. An welche E-Mail-Adresse d\u00fcrfen wir die Brosch\u00fcre senden? KONTAKT Wollen Sie mehr \u00fcber die gr\u00fcnen l\u00f6sungen von Cloud Garden erfahren? [&hellip;]<\/p>\n","protected":false},"author":1,"featured_media":0,"parent":0,"menu_order":0,"comment_status":"closed","ping_status":"closed","template":"","meta":{"footnotes":""},"categories":[],"class_list":["post-941","page","type-page","status-publish","hentry"],"featured_image_src":null,"category_names":["Alles","Alles","Groen voor binnen","Indoor","Installatie","Kennisbank","Onderhoud","Outdoor","Voordelen","Zakelijk"],"tag_names":[],"yoast_head":"<!-- This site is optimized with the Yoast SEO plugin v26.6 - https:\/\/yoast.com\/wordpress\/plugins\/seo\/ -->\n<title>Kennisbank | Cloud Garden<\/title>\n<meta name=\"description\" content=\"De Cloud Garden kennisbank. Van binnenoplossingen tot groene gevels. De specialist in groene plantenwanden en gevelbeplanting.\" \/>\n<meta name=\"robots\" content=\"index, follow, max-snippet:-1, max-image-preview:large, max-video-preview:-1\" \/>\n<link rel=\"canonical\" href=\"https:\/\/cloudgarden.nl\/de\/wissensdatenbank\/\" \/>\n<meta property=\"og:locale\" content=\"de_DE\" \/>\n<meta property=\"og:type\" content=\"article\" \/>\n<meta property=\"og:title\" content=\"Kennisbank | Cloud Garden\" \/>\n<meta property=\"og:description\" content=\"De Cloud Garden kennisbank. Van binnenoplossingen tot groene gevels. De specialist in groene plantenwanden en gevelbeplanting.\" \/>\n<meta property=\"og:url\" content=\"https:\/\/cloudgarden.nl\/de\/wissensdatenbank\/\" \/>\n<meta property=\"og:site_name\" content=\"CloudGarden (DE)\" \/>\n<meta property=\"article:modified_time\" content=\"2023-06-26T06:17:07+00:00\" \/>\n<meta name=\"twitter:card\" content=\"summary_large_image\" \/>\n<meta name=\"twitter:label1\" content=\"Gesch\u00e4tzte Lesezeit\" \/>\n\t<meta name=\"twitter:data1\" content=\"1\u00a0Minute\" \/>\n<script type=\"application\/ld+json\" class=\"yoast-schema-graph\">{\"@context\":\"https:\/\/schema.org\",\"@graph\":[{\"@type\":\"WebPage\",\"@id\":\"https:\/\/cloudgarden.nl\/de\/wissensdatenbank\/\",\"url\":\"https:\/\/cloudgarden.nl\/de\/wissensdatenbank\/\",\"name\":\"Kennisbank | Cloud Garden\",\"isPartOf\":{\"@id\":\"https:\/\/cloudgarden.nl\/de\/#website\"},\"datePublished\":\"2023-03-29T12:27:56+00:00\",\"dateModified\":\"2023-06-26T06:17:07+00:00\",\"description\":\"De Cloud Garden kennisbank. Van binnenoplossingen tot groene gevels. De specialist in groene plantenwanden en gevelbeplanting.\",\"breadcrumb\":{\"@id\":\"https:\/\/cloudgarden.nl\/de\/wissensdatenbank\/#breadcrumb\"},\"inLanguage\":\"de\",\"potentialAction\":[{\"@type\":\"ReadAction\",\"target\":[\"https:\/\/cloudgarden.nl\/de\/wissensdatenbank\/\"]}]},{\"@type\":\"BreadcrumbList\",\"@id\":\"https:\/\/cloudgarden.nl\/de\/wissensdatenbank\/#breadcrumb\",\"itemListElement\":[{\"@type\":\"ListItem\",\"position\":1,\"name\":\"Home\",\"item\":\"https:\/\/cloudgarden.nl\/de\/\"},{\"@type\":\"ListItem\",\"position\":2,\"name\":\"Wissensdatenbank\"}]},{\"@type\":\"WebSite\",\"@id\":\"https:\/\/cloudgarden.nl\/de\/#website\",\"url\":\"https:\/\/cloudgarden.nl\/de\/\",\"name\":\"CloudGarden (DE)\",\"description\":\"Smart climate solutions\",\"publisher\":{\"@id\":\"https:\/\/cloudgarden.nl\/de\/#organization\"},\"potentialAction\":[{\"@type\":\"SearchAction\",\"target\":{\"@type\":\"EntryPoint\",\"urlTemplate\":\"https:\/\/cloudgarden.nl\/de\/?s={search_term_string}\"},\"query-input\":{\"@type\":\"PropertyValueSpecification\",\"valueRequired\":true,\"valueName\":\"search_term_string\"}}],\"inLanguage\":\"de\"},{\"@type\":\"Organization\",\"@id\":\"https:\/\/cloudgarden.nl\/de\/#organization\",\"name\":\"CloudGarden (DE)\",\"url\":\"https:\/\/cloudgarden.nl\/de\/\",\"logo\":{\"@type\":\"ImageObject\",\"inLanguage\":\"de\",\"@id\":\"https:\/\/cloudgarden.nl\/de\/#\/schema\/logo\/image\/\",\"url\":\"https:\/\/cloudgarden.nl\/de\/wp-content\/uploads\/sites\/7\/2023\/04\/Logo-Cloud-Garden-2023.png\",\"contentUrl\":\"https:\/\/cloudgarden.nl\/de\/wp-content\/uploads\/sites\/7\/2023\/04\/Logo-Cloud-Garden-2023.png\",\"width\":3441,\"height\":1682,\"caption\":\"CloudGarden (DE)\"},\"image\":{\"@id\":\"https:\/\/cloudgarden.nl\/de\/#\/schema\/logo\/image\/\"}}]}<\/script>\n<!-- \/ Yoast SEO plugin. -->","yoast_head_json":{"title":"Kennisbank | Cloud Garden","description":"De Cloud Garden kennisbank. Van binnenoplossingen tot groene gevels. De specialist in groene plantenwanden en gevelbeplanting.","robots":{"index":"index","follow":"follow","max-snippet":"max-snippet:-1","max-image-preview":"max-image-preview:large","max-video-preview":"max-video-preview:-1"},"canonical":"https:\/\/cloudgarden.nl\/de\/wissensdatenbank\/","og_locale":"de_DE","og_type":"article","og_title":"Kennisbank | Cloud Garden","og_description":"De Cloud Garden kennisbank. Van binnenoplossingen tot groene gevels. De specialist in groene plantenwanden en gevelbeplanting.","og_url":"https:\/\/cloudgarden.nl\/de\/wissensdatenbank\/","og_site_name":"CloudGarden (DE)","article_modified_time":"2023-06-26T06:17:07+00:00","twitter_card":"summary_large_image","twitter_misc":{"Gesch\u00e4tzte Lesezeit":"1\u00a0Minute"},"schema":{"@context":"https:\/\/schema.org","@graph":[{"@type":"WebPage","@id":"https:\/\/cloudgarden.nl\/de\/wissensdatenbank\/","url":"https:\/\/cloudgarden.nl\/de\/wissensdatenbank\/","name":"Kennisbank | Cloud Garden","isPartOf":{"@id":"https:\/\/cloudgarden.nl\/de\/#website"},"datePublished":"2023-03-29T12:27:56+00:00","dateModified":"2023-06-26T06:17:07+00:00","description":"De Cloud Garden kennisbank. Van binnenoplossingen tot groene gevels. De specialist in groene plantenwanden en gevelbeplanting.","breadcrumb":{"@id":"https:\/\/cloudgarden.nl\/de\/wissensdatenbank\/#breadcrumb"},"inLanguage":"de","potentialAction":[{"@type":"ReadAction","target":["https:\/\/cloudgarden.nl\/de\/wissensdatenbank\/"]}]},{"@type":"BreadcrumbList","@id":"https:\/\/cloudgarden.nl\/de\/wissensdatenbank\/#breadcrumb","itemListElement":[{"@type":"ListItem","position":1,"name":"Home","item":"https:\/\/cloudgarden.nl\/de\/"},{"@type":"ListItem","position":2,"name":"Wissensdatenbank"}]},{"@type":"WebSite","@id":"https:\/\/cloudgarden.nl\/de\/#website","url":"https:\/\/cloudgarden.nl\/de\/","name":"CloudGarden (DE)","description":"Smart climate solutions","publisher":{"@id":"https:\/\/cloudgarden.nl\/de\/#organization"},"potentialAction":[{"@type":"SearchAction","target":{"@type":"EntryPoint","urlTemplate":"https:\/\/cloudgarden.nl\/de\/?s={search_term_string}"},"query-input":{"@type":"PropertyValueSpecification","valueRequired":true,"valueName":"search_term_string"}}],"inLanguage":"de"},{"@type":"Organization","@id":"https:\/\/cloudgarden.nl\/de\/#organization","name":"CloudGarden (DE)","url":"https:\/\/cloudgarden.nl\/de\/","logo":{"@type":"ImageObject","inLanguage":"de","@id":"https:\/\/cloudgarden.nl\/de\/#\/schema\/logo\/image\/","url":"https:\/\/cloudgarden.nl\/de\/wp-content\/uploads\/sites\/7\/2023\/04\/Logo-Cloud-Garden-2023.png","contentUrl":"https:\/\/cloudgarden.nl\/de\/wp-content\/uploads\/sites\/7\/2023\/04\/Logo-Cloud-Garden-2023.png","width":3441,"height":1682,"caption":"CloudGarden (DE)"},"image":{"@id":"https:\/\/cloudgarden.nl\/de\/#\/schema\/logo\/image\/"}}]}},"_links":{"self":[{"href":"https:\/\/cloudgarden.nl\/de\/wp-json\/wp\/v2\/pages\/941","targetHints":{"allow":["GET"]}}],"collection":[{"href":"https:\/\/cloudgarden.nl\/de\/wp-json\/wp\/v2\/pages"}],"about":[{"href":"https:\/\/cloudgarden.nl\/de\/wp-json\/wp\/v2\/types\/page"}],"author":[{"embeddable":true,"href":"https:\/\/cloudgarden.nl\/de\/wp-json\/wp\/v2\/users\/1"}],"replies":[{"embeddable":true,"href":"https:\/\/cloudgarden.nl\/de\/wp-json\/wp\/v2\/comments?post=941"}],"version-history":[{"count":79,"href":"https:\/\/cloudgarden.nl\/de\/wp-json\/wp\/v2\/pages\/941\/revisions"}],"predecessor-version":[{"id":6026,"href":"https:\/\/cloudgarden.nl\/de\/wp-json\/wp\/v2\/pages\/941\/revisions\/6026"}],"wp:attachment":[{"href":"https:\/\/cloudgarden.nl\/de\/wp-json\/wp\/v2\/media?parent=941"}],"wp:term":[{"taxonomy":"category","embeddable":true,"href":"https:\/\/cloudgarden.nl\/de\/wp-json\/wp\/v2\/categories?post=941"}],"curies":[{"name":"wp","href":"https:\/\/api.w.org\/{rel}","templated":true}]}}